{"id":304,"date":"2020-03-22T05:28:35","date_gmt":"2020-03-22T05:28:35","guid":{"rendered":"http:\/\/hompark.themezinho.net\/?page_id=304"},"modified":"2024-12-22T17:15:47","modified_gmt":"2024-12-22T16:15:47","slug":"dynamics-box","status":"publish","type":"page","link":"https:\/\/dynamicssolutions.eu\/en\/dynamics-box\/","title":{"rendered":"Dynamics Box"},"content":{"rendered":"<div class=\"wpb-content-wrapper\"><section  class=\"content-section\" ><div class=\"container\"><div class=\"vc_row wpb_row vc_row-fluid\"><div class=\"wpb_column vc_column_container vc_col-sm-12\"><div class=\"vc_column-inner\"><div class=\"wpb_wrapper\"><div class=\"vc_row wpb_row vc_inner vc_row-fluid\"><div class=\"wpb_column vc_column_container vc_col-sm-12\"><div class=\"vc_column-inner vc_custom_1584801304448\"><div class=\"wpb_wrapper\">\n\n\n<div class=\"apartment-content wow fadeInUp\" >\n\t\t  <h2><em>Dynamics Box<\/em> 37m\u00b2<\/h2>\n<h6>Multi-purpose folding box<\/h6>\n\t\n\t\n\t\n\t\n\t\t  <\/div>\n\n\t\t<\/div><\/div><\/div><\/div><div class=\"vc_row wpb_row vc_inner vc_row-fluid vc_custom_1584801343611\"><div class=\"wpb_column vc_column_container vc_col-sm-4\"><div class=\"vc_column-inner\"><div class=\"wpb_wrapper\">\n\t  \t<div class=\"info-counter\">\n\t\t   \n \t\t\t\n          \n\t\t\t\n\t\t\t\n\t\t\t\n\t\t\t          \t\t<span class=\"odometer\" data-count=\"14\" data-status=\"yes\">0<\/span>\n \t \t\t\t\t\t\t\t\t<span class=\"char\">m\u00b2<\/span>\n\t\t\t\t\t\t\n\t\t\t\t\t\t\n\t\t\t<h6>Folded box size<\/h6>\n\t\t \t\t\t\n\t\t<\/div>\n\n\t\t\n\t\t\n\t  \t<div class=\"info-counter\">\n\t\t   \n \t\t\t\n          \n\t\t\t\n\t\t\t\n\t\t\t\n\t\t\t          \t\t<span class=\"odometer\" data-count=\"37\" data-status=\"yes\">0<\/span>\n \t \t\t\t\t\t\t\t\t<span class=\"char\">m2<\/span>\n\t\t\t\t\t\t\n\t\t\t\t\t\t\n\t\t\t<h6>Size deployed<\/h6>\n\t\t \t\t\t\n\t\t<\/div>\n\n\t\t\n\t\t<\/div><\/div><\/div><div class=\"wpb_column vc_column_container vc_col-sm-6 vc_col-sm-offset-1\"><div class=\"vc_column-inner\"><div class=\"wpb_wrapper\">       \n            <figure class=\"image wow fadeInUp\"  data-stellar-ratio=\"\">\n\n               \n                                            <img decoding=\"async\" src=\"https:\/\/dynamicssolutions.eu\/wp-content\/uploads\/2024\/12\/Captura-de-pantalla-2024-12-22-163857.png\" alt=\"\">\n                                   \n            <\/figure>\n       \n\n\t\t<\/div><\/div><\/div><\/div><div class=\"vc_row wpb_row vc_inner vc_row-fluid vc_custom_1584801353892\"><div class=\"wpb_column vc_column_container vc_col-sm-1 vc_col-md-7\"><div class=\"vc_column-inner\"><div class=\"wpb_wrapper\">\n\n\n<div class=\"apartment-content wow fadeInUp\" >\n\t\t  <p>The Dynamics box is a box that folds out on both sides, offering an open-plan space of 37m2.<\/p>\n\t\n\t\n\t\n\t\n\t\t  <\/div>\n\n\t\t<\/div><\/div><\/div><div class=\"wpb_column vc_column_container vc_col-sm-1 vc_col-md-5\"><div class=\"vc_column-inner\"><div class=\"wpb_wrapper\">\n\n\n<div class=\"apartment-content wow fadeInUp\" data-wow-delay=\"0.05s\">\n\t\t  <p>Ideal for stands, portable offices, warehousing, displays, etc.<\/p>\n\t\n\t\n\t\n\t\n\t\t  <\/div>\n\n\t\t<\/div><\/div><\/div><\/div><div class=\"vc_row wpb_row vc_inner vc_row-fluid vc_custom_1584801364153\"><div class=\"wpb_column vc_column_container vc_col-sm-4\"><div class=\"vc_column-inner\"><div class=\"wpb_wrapper\">       \n            <figure class=\"image wow fadeInUp\"  data-stellar-ratio=\"\">\n\n               \n                                            <a href=\"https:\/\/dynamicssolutions.eu\/wp-content\/uploads\/2024\/12\/casa-plegable-oficina-plegable.jpg\" data-fancybox title=\"Image\">\n                                            <img decoding=\"async\" src=\"https:\/\/dynamicssolutions.eu\/wp-content\/uploads\/2024\/12\/casa-plegable-oficina-plegable.jpg\" alt=\"Image\">\n                                            <\/a>\n                                   \n            <\/figure>\n       \n\n\t\t<\/div><\/div><\/div><div class=\"wpb_column vc_column_container vc_col-sm-4\"><div class=\"vc_column-inner\"><div class=\"wpb_wrapper\">       \n            <figure class=\"image wow fadeInUp\" data-wow-delay=\"0.05s\" data-stellar-ratio=\"\">\n\n               \n                                            <a href=\"https:\/\/dynamicssolutions.eu\/wp-content\/uploads\/2024\/12\/casa-plegable-frente-blanco.jpg\" data-fancybox title=\"Image\">\n                                            <img decoding=\"async\" src=\"https:\/\/dynamicssolutions.eu\/wp-content\/uploads\/2024\/12\/casa-plegable-frente-blanco.jpg\" alt=\"Image\">\n                                            <\/a>\n                                   \n            <\/figure>\n       \n\n\t\t<\/div><\/div><\/div><div class=\"wpb_column vc_column_container vc_col-sm-4\"><div class=\"vc_column-inner\"><div class=\"wpb_wrapper\">       \n            <figure class=\"image wow fadeInUp\" data-wow-delay=\"0.10s\" data-stellar-ratio=\"\">\n\n               \n                                            <a href=\"https:\/\/dynamicssolutions.eu\/wp-content\/uploads\/2024\/12\/casa-gris-plegable.jpg\" data-fancybox title=\"Image\">\n                                            <img decoding=\"async\" src=\"https:\/\/dynamicssolutions.eu\/wp-content\/uploads\/2024\/12\/casa-gris-plegable.jpg\" alt=\"Image\">\n                                            <\/a>\n                                   \n            <\/figure>\n       \n\n\t\t<\/div><\/div><\/div><\/div><div class=\"vc_row wpb_row vc_inner vc_row-fluid vc_custom_1584801375887\"><div class=\"wpb_column vc_column_container vc_col-sm-12\"><div class=\"vc_column-inner\"><div class=\"wpb_wrapper\">\n\n\n<div class=\"apartment-content wow fadeInUp\" >\n\t\t  <h3>Dynamics Box<\/h3>\n<p>Discover the folding model adaptable to any use.<\/p>\n\t\n\t\n\t\n\t\n\t\t  <\/div>\n\n\t\t<\/div><\/div><\/div><\/div><div class=\"vc_row wpb_row vc_inner vc_row-fluid vc_custom_1584801383363\"><div class=\"wpb_column vc_column_container vc_col-sm-12\"><div class=\"vc_column-inner\"><div class=\"wpb_wrapper\">\n\n\n<div class=\"apartment-content wow fadeInUp\" >\n\t\t  <h4>Specifications<\/h4>\n<p>Both panel coatings, finishes and fillings are customisable.<\/p>\n<ul>\n<li>Three-layer flooring<\/li>\n<li>Sandwich panel walls and roof<\/li>\n<li>Pvc windows, double glazing, mirror finish, casement windows<\/li>\n<li>Security door<\/li>\n<li>Customisable vinyl inner lining<\/li>\n<li>Different options and customised exterior cladding<\/li>\n<li>Different panel infill options, in EPS, rock wool or polyurethane<\/li>\n<li>Metal structure<\/li>\n<li>Watertight design<\/li>\n<\/ul>\n\t\n\t\n\t\n\t\n\t\t  <\/div>\n\n\t\t<\/div><\/div><\/div><\/div><div class=\"vc_row wpb_row vc_inner vc_row-fluid vc_custom_1584801390375\"><div class=\"wpb_column vc_column_container vc_col-sm-12\"><div class=\"vc_column-inner\"><div class=\"wpb_wrapper\">\n\n\n<div class=\"apartment-content wow fadeInUp\" >\n\t\t  <blockquote>\n<p>Contact the distributor in your area<\/p>\n<p><strong>DYNAMICS SOLUTIONS<\/strong><\/p>\n<\/blockquote>\n\t\n\t\n\t\n\t\n\t\t  <\/div>\n\n\t\t<\/div><\/div><\/div><\/div><div class=\"vc_row wpb_row vc_inner vc_row-fluid vc_custom_1584801396927\"><div class=\"wpb_column vc_column_container vc_col-sm-12 vc_col-md-10\"><div class=\"vc_column-inner\"><div class=\"wpb_wrapper\"> \n\n\n\n    \n      <div class=\"content-slider wow fadeInUp\" >\n        <div class=\"swiper-wrapper\">\n                              <div class=\"swiper-slide\" data-background=\"https:\/\/dynamicssolutions.eu\/wp-content\/uploads\/2024\/12\/Fold-1.jpg\">\n\t\t\t \t\t\t <div class=\"slide-inner\">\n\t\t\t\t \t\t\t\t  \t\t\t\t \t\t\t\t    <\/div>\n\t\t\t  <!-- end slide-inner -->\n\t\t\t<\/div>\n          \n                                      <div class=\"swiper-slide\" data-background=\"https:\/\/dynamicssolutions.eu\/wp-content\/uploads\/2024\/12\/casa-plegable-oficina-plegable.jpg\">\n\t\t\t \t\t\t <div class=\"slide-inner\">\n\t\t\t\t \t\t\t\t  \t\t\t\t \t\t\t\t    <\/div>\n\t\t\t  <!-- end slide-inner -->\n\t\t\t<\/div>\n          \n                                      <div class=\"swiper-slide\" data-background=\"https:\/\/dynamicssolutions.eu\/wp-content\/uploads\/2024\/12\/casa-plegable-montaje-e1734791992880.jpg\">\n\t\t\t \t\t\t <div class=\"slide-inner\">\n\t\t\t\t \t\t\t\t  \t\t\t\t \t\t\t\t    <\/div>\n\t\t\t  <!-- end slide-inner -->\n\t\t\t<\/div>\n          \n                          <\/div>\n        <!-- end swiper-wrapper -->\n        <div class=\"swiper-button-prev\">Prev<\/div>\n        <!-- end button-prev -->\n        <div class=\"swiper-button-next\">Next<\/div>\n        <!-- end button-next --> \n\t\t   <div class=\"swiper-pagination\"><\/div>\n\t\t  <!-- end swiper-pagination -->\n      <\/div>\n      <!-- end content-slider -->\n    \n\n\n\n\n\n\n\n\n<\/div><\/div><\/div><\/div><div class=\"vc_row wpb_row vc_inner vc_row-fluid\"><div class=\"wpb_column vc_column_container vc_col-sm-12\"><div class=\"vc_column-inner\"><div class=\"wpb_wrapper\">\n\n\n<div class=\"apartment-content wow fadeInUp\" >\n\t\t  <p>CREATIVE DESIGN SOLUTIONS<\/p>\n\t\n\t\n\t\n\t\n\t\t  <\/div>\n\n\t\t<\/div><\/div><\/div><\/div><\/div><\/div><\/div><\/div><\/div><\/section>\n<\/div>","protected":false},"excerpt":{"rendered":"Dynamics Box 37m\u00b2 Caja desplegable Multiusos 0 m\u00b2 Tama\u00f1o de la caja plegada 0 m2 Tama\u00f1a desplegado La Dynamics box, es una caja que se despliega a ambos lados, ofreciendo un espacio di\u00e1fano de 37m2 Ideal para stands, oficinas port\u00e1tiles, almac\u00e9n, expositor entre otros Dynamics Box Descubre el modelo desplegable adaptable a cualquier uso Especificaciones [...]","protected":false},"author":1,"featured_media":0,"parent":0,"menu_order":0,"comment_status":"closed","ping_status":"closed","template":"page-portfolio.php","meta":{"footnotes":""},"class_list":["post-304","page","type-page","status-publish","hentry"],"acf":[],"_links":{"self":[{"href":"https:\/\/dynamicssolutions.eu\/en\/wp-json\/wp\/v2\/pages\/304","targetHints":{"allow":["GET"]}}],"collection":[{"href":"https:\/\/dynamicssolutions.eu\/en\/wp-json\/wp\/v2\/pages"}],"about":[{"href":"https:\/\/dynamicssolutions.eu\/en\/wp-json\/wp\/v2\/types\/page"}],"author":[{"embeddable":true,"href":"https:\/\/dynamicssolutions.eu\/en\/wp-json\/wp\/v2\/users\/1"}],"replies":[{"embeddable":true,"href":"https:\/\/dynamicssolutions.eu\/en\/wp-json\/wp\/v2\/comments?post=304"}],"version-history":[{"count":8,"href":"https:\/\/dynamicssolutions.eu\/en\/wp-json\/wp\/v2\/pages\/304\/revisions"}],"predecessor-version":[{"id":788,"href":"https:\/\/dynamicssolutions.eu\/en\/wp-json\/wp\/v2\/pages\/304\/revisions\/788"}],"wp:attachment":[{"href":"https:\/\/dynamicssolutions.eu\/en\/wp-json\/wp\/v2\/media?parent=304"}],"curies":[{"name":"wp","href":"https:\/\/api.w.org\/{rel}","templated":true}]}}