{"id":251,"date":"2020-03-21T18:24:37","date_gmt":"2020-03-21T18:24:37","guid":{"rendered":"http:\/\/hompark.themezinho.net\/?page_id=251"},"modified":"2024-12-22T19:11:00","modified_gmt":"2024-12-22T18:11:00","slug":"exhibitions-and-distribution-points","status":"publish","type":"page","link":"https:\/\/dynamicssolutions.eu\/en\/exhibitions-and-distribution-points\/","title":{"rendered":"Exhibitions and distribution points"},"content":{"rendered":"<div class=\"wpb-content-wrapper\"><section  class=\"content-section\" ><div class=\"container\"><div class=\"vc_row wpb_row vc_row-fluid\"><div class=\"wpb_column vc_column_container vc_col-sm-12\"><div class=\"vc_column-inner\"><div class=\"wpb_wrapper\"><div class=\"vc_row wpb_row vc_inner vc_row-fluid\"><div class=\"wpb_column vc_column_container vc_col-sm-4\"><div class=\"vc_column-inner\"><div class=\"wpb_wrapper\">       \n            <figure class=\"sales-office wow fadeInUp\" data-wow-delay=\"0s\">\n\n\t\t\t\t\n\t\t\t\t\n\t\t\t\t\t\t\t\t<h5>Distributor in Catalonia - Barcelona - Girona<\/h5>\n\t\t\t\t                \n\t\t\t\t\n\t\t\t\t\t\t\t\t<address>The Sandwich Panel House<\/address>\n\t\t\t\t \t\t\t\t\n\t\t\t\t\n\t\t\t\t\n\t\t\t\t<a href=\"https:\/\/www.google.com\/maps\/embed?pb=!1m18!1m12!1m3!1d450.8176821244772!2d-73.98686631601882!3d40.75685630451255!2m3!1f0!2f0!3f0!3m2!1i1024!2i768!4f13.1!3m3!1m2!1s0x89c25854e6657b87%3A0xed0e40a6b9508db5!2sHard+Rock+Cafe!5e0!3m2!1sen!2sua!4v1530700415164\" data-type=\"iframe\" data-fancybox target=\"_blank\" rel=\"noopener\"><i class=\"fas fa-map-marker-alt\"><\/i>WHATSSAP<\/a>\n               \n            <\/figure>\n       \n\n\t\t<\/div><\/div><\/div><div class=\"wpb_column vc_column_container vc_col-sm-4\"><div class=\"vc_column-inner\"><div class=\"wpb_wrapper\">       \n            <figure class=\"sales-office wow fadeInUp\" data-wow-delay=\"0.05s\">\n\n\t\t\t\t\n\t\t\t\t\n\t\t\t\t\t\t\t\t<h5>Distributor in Catalonia - Tarragona - L\u00e9rida<\/h5>\n\t\t\t\t                \n\t\t\t\t\n\t\t\t\t\t\t\t\t<address>Modular SIM<\/address>\n\t\t\t\t \t\t\t\t\n\t\t\t\t\n\t\t\t\t\n\t\t\t\t<a href=\"https:\/\/www.google.com\/maps\/embed?pb=!1m18!1m12!1m3!1d450.8176821244772!2d-73.98686631601882!3d40.75685630451255!2m3!1f0!2f0!3f0!3m2!1i1024!2i768!4f13.1!3m3!1m2!1s0x89c25854e6657b87%3A0xed0e40a6b9508db5!2sHard+Rock+Cafe!5e0!3m2!1sen!2sua!4v1530700415164\" data-type=\"iframe\" data-fancybox target=\"_blank\" rel=\"noopener\"><i class=\"fas fa-map-marker-alt\"><\/i>WHATSSAP<\/a>\n               \n            <\/figure>\n       \n\n\t\t<\/div><\/div><\/div><div class=\"wpb_column vc_column_container vc_col-sm-4\"><div class=\"vc_column-inner\"><div class=\"wpb_wrapper\">       \n            <figure class=\"sales-office wow fadeInUp\" data-wow-delay=\"0.10s\">\n\n\t\t\t\t\n\t\t\t\t\n\t\t\t\t\t\t\t\t<h5>Distributor in Andalusia - Malaga - Fuengirola<\/h5>\n\t\t\t\t                \n\t\t\t\t\n\t\t\t\t\t\t\t\t<address>The Sandwich Panel House<\/address>\n\t\t\t\t \t\t\t\t\n\t\t\t\t\n\t\t\t\t\n\t\t\t\t<a href=\"https:\/\/www.google.com\/maps\/embed?pb=!1m18!1m12!1m3!1d450.8176821244772!2d-73.98686631601882!3d40.75685630451255!2m3!1f0!2f0!3f0!3m2!1i1024!2i768!4f13.1!3m3!1m2!1s0x89c25854e6657b87%3A0xed0e40a6b9508db5!2sHard+Rock+Cafe!5e0!3m2!1sen!2sua!4v1530700415164\" data-type=\"iframe\" data-fancybox target=\"_blank\" rel=\"noopener\"><i class=\"fas fa-map-marker-alt\"><\/i>WHATSSAP<\/a>\n               \n            <\/figure>\n       \n\n\t\t<\/div><\/div><\/div><\/div><div class=\"vc_row wpb_row vc_inner vc_row-fluid\"><div class=\"wpb_column vc_column_container vc_col-sm-4\"><div class=\"vc_column-inner\"><div class=\"wpb_wrapper\">       \n            <figure class=\"sales-office wow fadeInUp\" >\n\n\t\t\t\t\n\t\t\t\t\n\t\t\t\t\t\t\t\t<h5>Distributor in Andalusia - C\u00e1diz - Chipiona<\/h5>\n\t\t\t\t                \n\t\t\t\t\n\t\t\t\t\t\t\t\t<address>Chipipanel<\/address>\n\t\t\t\t \t\t\t\t\n\t\t\t\t\n\t\t\t\t\n\t\t\t\t<a href=\"https:\/\/www.google.com\/maps\/embed?pb=!1m18!1m12!1m3!1d450.8176821244772!2d-73.98686631601882!3d40.75685630451255!2m3!1f0!2f0!3f0!3m2!1i1024!2i768!4f13.1!3m3!1m2!1s0x89c25854e6657b87%3A0xed0e40a6b9508db5!2sHard+Rock+Cafe!5e0!3m2!1sen!2sua!4v1530700415164\" data-type=\"iframe\" data-fancybox target=\"_blank\" rel=\"noopener\"><i class=\"fas fa-map-marker-alt\"><\/i>WHATSSAP<\/a>\n               \n            <\/figure>\n       \n\n\t\t<\/div><\/div><\/div><div class=\"wpb_column vc_column_container vc_col-sm-4\"><div class=\"vc_column-inner\"><div class=\"wpb_wrapper\">       \n            <figure class=\"sales-office wow fadeInUp\" data-wow-delay=\"0.05s\">\n\n\t\t\t\t\n\t\t\t\t\n\t\t\t\t\t\t\t\t<h5>Distributor in Andalusia - Almeria - Olula del Rio<\/h5>\n\t\t\t\t                \n\t\t\t\t\n\t\t\t\t\t\t\t\t<address>The Sandwich Panel House<\/address>\n\t\t\t\t \t\t\t\t\n\t\t\t\t\n\t\t\t\t\n\t\t\t\t<a href=\"https:\/\/www.google.com\/maps\/embed?pb=!1m18!1m12!1m3!1d450.8176821244772!2d-73.98686631601882!3d40.75685630451255!2m3!1f0!2f0!3f0!3m2!1i1024!2i768!4f13.1!3m3!1m2!1s0x89c25854e6657b87%3A0xed0e40a6b9508db5!2sHard+Rock+Cafe!5e0!3m2!1sen!2sua!4v1530700415164\" data-type=\"iframe\" data-fancybox target=\"_blank\" rel=\"noopener\"><i class=\"fas fa-map-marker-alt\"><\/i>WHATSSAP<\/a>\n               \n            <\/figure>\n       \n\n\t\t<\/div><\/div><\/div><div class=\"wpb_column vc_column_container vc_col-sm-4\"><div class=\"vc_column-inner\"><div class=\"wpb_wrapper\">       \n            <figure class=\"sales-office wow fadeInUp\" data-wow-delay=\"0.10s\">\n\n\t\t\t\t\n\t\t\t\t\n\t\t\t\t\t\t\t\t<h5>Shipments zone Badajoz, C\u00e1ceres, Extremadura, Huelva<\/h5>\n\t\t\t\t                \n\t\t\t\t\n\t\t\t\t\t\t\t\t\n\t\t\t\t\n\t\t\t\t\n\t\t\t\t<a href=\"https:\/\/www.google.com\/maps\/embed?pb=!1m18!1m12!1m3!1d450.8176821244772!2d-73.98686631601882!3d40.75685630451255!2m3!1f0!2f0!3f0!3m2!1i1024!2i768!4f13.1!3m3!1m2!1s0x89c25854e6657b87%3A0xed0e40a6b9508db5!2sHard+Rock+Cafe!5e0!3m2!1sen!2sua!4v1530700415164\" data-type=\"iframe\" data-fancybox target=\"_blank\" rel=\"noopener\"><i class=\"fas fa-map-marker-alt\"><\/i>CLICK FOR MAP<\/a>\n               \n            <\/figure>\n       \n\n\t\t<\/div><\/div><\/div><\/div><div class=\"vc_row wpb_row vc_inner vc_row-fluid\"><div class=\"wpb_column vc_column_container vc_col-sm-4\"><div class=\"vc_column-inner\"><div class=\"wpb_wrapper\">       \n            <figure class=\"sales-office wow fadeInUp\" >\n\n\t\t\t\t\n\t\t\t\t\n\t\t\t\t\t\t\t\t<h5>Shipments mediterranean area<\/h5>\n\t\t\t\t                \n\t\t\t\t\n\t\t\t\t\t\t\t\t\n\t\t\t\t\n\t\t\t\t\n\t\t\t\t<a href=\"https:\/\/www.google.com\/maps\/embed?pb=!1m18!1m12!1m3!1d450.8176821244772!2d-73.98686631601882!3d40.75685630451255!2m3!1f0!2f0!3f0!3m2!1i1024!2i768!4f13.1!3m3!1m2!1s0x89c25854e6657b87%3A0xed0e40a6b9508db5!2sHard+Rock+Cafe!5e0!3m2!1sen!2sua!4v1530700415164\" data-type=\"iframe\" data-fancybox target=\"_blank\" rel=\"noopener\"><i class=\"fas fa-map-marker-alt\"><\/i>WHATSSAP<\/a>\n               \n            <\/figure>\n       \n\n\t\t<\/div><\/div><\/div><div class=\"wpb_column vc_column_container vc_col-sm-4\"><div class=\"vc_column-inner\"><div class=\"wpb_wrapper\">       \n            <figure class=\"sales-office wow fadeInUp\" data-wow-delay=\"0.05s\">\n\n\t\t\t\t\n\t\t\t\t\n\t\t\t\t\t\t\t\t<h5>Shipments to the north of Spain<\/h5>\n\t\t\t\t                \n\t\t\t\t\n\t\t\t\t\t\t\t\t\n\t\t\t\t\n\t\t\t\t\n\t\t\t\t<a href=\"https:\/\/www.google.com\/maps\/embed?pb=!1m18!1m12!1m3!1d450.8176821244772!2d-73.98686631601882!3d40.75685630451255!2m3!1f0!2f0!3f0!3m2!1i1024!2i768!4f13.1!3m3!1m2!1s0x89c25854e6657b87%3A0xed0e40a6b9508db5!2sHard+Rock+Cafe!5e0!3m2!1sen!2sua!4v1530700415164\" data-type=\"iframe\" data-fancybox target=\"_blank\" rel=\"noopener\"><i class=\"fas fa-map-marker-alt\"><\/i>WHATSSAP<\/a>\n               \n            <\/figure>\n       \n\n\t\t<\/div><\/div><\/div><div class=\"wpb_column vc_column_container vc_col-sm-4\"><div class=\"vc_column-inner\"><div class=\"wpb_wrapper\">       \n            <figure class=\"sales-office wow fadeInUp\" data-wow-delay=\"0.10s\">\n\n\t\t\t\t\n\t\t\t\t\n\t\t\t\t\t\t\t\t<h5>Shipments in the centre of Madrid<\/h5>\n\t\t\t\t                \n\t\t\t\t\n\t\t\t\t\t\t\t\t\n\t\t\t\t\n\t\t\t\t\n\t\t\t\t<a href=\"https:\/\/www.google.com\/maps\/embed?pb=!1m18!1m12!1m3!1d450.8176821244772!2d-73.98686631601882!3d40.75685630451255!2m3!1f0!2f0!3f0!3m2!1i1024!2i768!4f13.1!3m3!1m2!1s0x89c25854e6657b87%3A0xed0e40a6b9508db5!2sHard+Rock+Cafe!5e0!3m2!1sen!2sua!4v1530700415164\" data-type=\"iframe\" data-fancybox target=\"_blank\" rel=\"noopener\"><i class=\"fas fa-map-marker-alt\"><\/i>WHATSSAP<\/a>\n               \n            <\/figure>\n       \n\n\t\t<\/div><\/div><\/div><\/div><\/div><\/div><\/div><\/div><\/div><\/section>\n<\/div>","protected":false},"excerpt":{"rendered":"Distribuidor en Catalunya - Barcelona - Girona La Casa del Panel S\u00e1ndwich WHATSSAP Distribuidor en Catalunya - Tarragona - L\u00e9rida Modular SIM WHATSSAP Distribuidor en Andaluc\u00eda - M\u00e1laga - Fuengirola La Casa del Panel S\u00e1ndwich WHATSSAP Distribuidor en Andaluc\u00eda - C\u00e1diz - Chipiona Chipipanel WHATSSAP Distribuidor en Andaluc\u00eda - Almer\u00eda - Olula del Rio La [...]","protected":false},"author":1,"featured_media":0,"parent":0,"menu_order":0,"comment_status":"closed","ping_status":"closed","template":"page-portfolio.php","meta":{"footnotes":""},"class_list":["post-251","page","type-page","status-publish","hentry"],"acf":[],"_links":{"self":[{"href":"https:\/\/dynamicssolutions.eu\/en\/wp-json\/wp\/v2\/pages\/251","targetHints":{"allow":["GET"]}}],"collection":[{"href":"https:\/\/dynamicssolutions.eu\/en\/wp-json\/wp\/v2\/pages"}],"about":[{"href":"https:\/\/dynamicssolutions.eu\/en\/wp-json\/wp\/v2\/types\/page"}],"author":[{"embeddable":true,"href":"https:\/\/dynamicssolutions.eu\/en\/wp-json\/wp\/v2\/users\/1"}],"replies":[{"embeddable":true,"href":"https:\/\/dynamicssolutions.eu\/en\/wp-json\/wp\/v2\/comments?post=251"}],"version-history":[{"count":8,"href":"https:\/\/dynamicssolutions.eu\/en\/wp-json\/wp\/v2\/pages\/251\/revisions"}],"predecessor-version":[{"id":797,"href":"https:\/\/dynamicssolutions.eu\/en\/wp-json\/wp\/v2\/pages\/251\/revisions\/797"}],"wp:attachment":[{"href":"https:\/\/dynamicssolutions.eu\/en\/wp-json\/wp\/v2\/media?parent=251"}],"curies":[{"name":"wp","href":"https:\/\/api.w.org\/{rel}","templated":true}]}}